{"id":6,"date":"2021-01-12T17:26:26","date_gmt":"2021-01-12T17:26:26","guid":{"rendered":"http:\/\/ansichten-des-jordan.de\/wordpress\/?page_id=6"},"modified":"2024-09-05T16:43:58","modified_gmt":"2024-09-05T16:43:58","slug":"about","status":"publish","type":"page","link":"https:\/\/ansichten-des-jordan.de\/index.php\/about\/","title":{"rendered":"about (deutsch)"},"content":{"rendered":"\n<p>Der Zeichner und Grafikk\u00fcnstler Michael Jordan (*1972 in Erlangen) studierte Medienillustration in Hamburg, danach Druckgrafik an der Universit\u00e4t f\u00fcr Angewandte Kunst in Wien. 1999 errang er den 1. Preis beim Wettbewerb des Fumetto \u2013 Internationalen Comix-Festivals Luzern. 2002 war er Unesco-Stipendiat an der Faculty of Fine Arts in Chiang Mai, Thailand. Er lehrte u.a. an der Webster University Wien, der Hochschule f\u00fcr Gestaltung Offenbach, der Kunsthochschule Kassel und dem Middlebury College Vermont, USA. Seit 2003 ist Michael Jordan Mitglied der K\u00fcnstler:innengruppe Tonto aus Graz. 2022 wurde er mit dem Kulturpreis der Stadt Erlangen ausgezeichnet. Seine Werke wurden bereits unter anderem in Stockholm, Wien, Shenzhen und Berlin ausgestellt.<\/p>\n\n\n\n<p>\u00abEgal in welche Richtung Sie gehen, Sie werden nie bei sich ankommen\u00bb. Der Protagonist, an den die Worte gerichtet sind, kann aber nicht verharren. Er muss weiter durch jene traumartige und surreal anmutende Welt, in die ihn sein Sch\u00f6pfer Michael Jordan gesetzt hat. Die Szene stammt seiner ersten umfangreichen Graphic Novel mit dem vielsagenden Titel \u201eWarum wir m\u00fcde sind\u201c. Jordans Geschichten aus Bildern sind atmosph\u00e4risch dicht sowie zeichnerisch und erz\u00e4hlerisch komplex. Meist erz\u00e4hlen sie von einer als dystopisch und zugleich skurril erlebten Welt, die kaum etwas Greif-oder Verstehbares bereith\u00e4lt, und die beim K\u00fcnstler gerade deshalb ein genussvolles Spiel mit Andeutungen herauszufordern scheint.&nbsp;<\/p>\n\n\n\n<p><em>Text: Natalie de Ligt (Sommer 2023)<\/em><\/p>\n","protected":false},"excerpt":{"rendered":"<p>Der Zeichner und Grafikk\u00fcnstler Michael Jordan (*1972 in Erlangen) studierte Medienillustration in Hamburg, danach Druckgrafik an der Universit\u00e4t f\u00fcr Angewandte Kunst in Wien. 1999 errang er den 1. Preis beim [&hellip;]<\/p>\n","protected":false},"author":1,"featured_media":0,"parent":0,"menu_order":0,"comment_status":"closed","ping_status":"closed","template":"","meta":{"footnotes":""},"class_list":["post-6","page","type-page","status-publish","hentry"],"_links":{"self":[{"href":"https:\/\/ansichten-des-jordan.de\/index.php\/wp-json\/wp\/v2\/pages\/6","targetHints":{"allow":["GET"]}}],"collection":[{"href":"https:\/\/ansichten-des-jordan.de\/index.php\/wp-json\/wp\/v2\/pages"}],"about":[{"href":"https:\/\/ansichten-des-jordan.de\/index.php\/wp-json\/wp\/v2\/types\/page"}],"author":[{"embeddable":true,"href":"https:\/\/ansichten-des-jordan.de\/index.php\/wp-json\/wp\/v2\/users\/1"}],"replies":[{"embeddable":true,"href":"https:\/\/ansichten-des-jordan.de\/index.php\/wp-json\/wp\/v2\/comments?post=6"}],"version-history":[{"count":5,"href":"https:\/\/ansichten-des-jordan.de\/index.php\/wp-json\/wp\/v2\/pages\/6\/revisions"}],"predecessor-version":[{"id":310,"href":"https:\/\/ansichten-des-jordan.de\/index.php\/wp-json\/wp\/v2\/pages\/6\/revisions\/310"}],"wp:attachment":[{"href":"https:\/\/ansichten-des-jordan.de\/index.php\/wp-json\/wp\/v2\/media?parent=6"}],"curies":[{"name":"wp","href":"https:\/\/api.w.org\/{rel}","templated":true}]}}